{"id":3630,"date":"2024-01-23T11:42:12","date_gmt":"2024-01-23T11:42:12","guid":{"rendered":"https:\/\/phytotreat.com\/product\/equidermal-honingcreme-100ml\/"},"modified":"2025-11-20T13:14:17","modified_gmt":"2025-11-20T13:14:17","slug":"equidermal-honingcreme-100ml","status":"publish","type":"product","link":"https:\/\/www.phytotreat.com\/en\/product\/equidermal-honingcreme-100ml\/","title":{"rendered":"Equidermal Honingcr\u00e8me 100ml"},"content":{"rendered":"<p>Equidermal is een huidcr\u00e8me op basis van honing en kruiden die het herstel ondersteunt van de ruwe en gevoelige huid van paardenbenen en andere huidproblemen bij paarden en landbouwhuisdieren. De antioxidantrijke Noord-Amerikaanse boekweithoning en plantenextracten ondersteunen het natuurlijk herstellend vermogen en laten de overlast snel afnemen. Door de hygi\u00ebnische pompflacon laat de Equidermal zich gemakkelijk aanbrengen. De huidcr\u00e8me bevat geen vaseline en sluit de huid niet af. Tevens is de cr\u00e8me vrij van parabenen, geur- en kleurstoffen. Equidermal wordt goed verdragen en verzorgt de gevoelige huid.<\/p>\n","protected":false},"excerpt":{"rendered":"<p>Equidermal is een huidcr\u00e8me op basis van honing en kruiden die het herstel ondersteunt van de ruwe en gevoelige huid van paardenbenen en andere huidproblemen bij paarden en landbouwhuisdieren. De antioxidantrijke Noord-Amerikaanse boekweithoning en plantenextracten ondersteunen het natuurlijk herstellend vermogen en laten de overlast snel afnemen. Door de hygi\u00ebnische pompflacon laat de Equidermal zich gemakkelijk [&hellip;]<\/p>\n","protected":false},"featured_media":3747,"template":"","meta":{"_acf_changed":false,"_uag_custom_page_level_css":""},"product_brand":[],"product_cat":[121,136],"product_tag":[181,180,174],"class_list":{"0":"post-3630","1":"product","2":"type-product","3":"status-publish","4":"has-post-thumbnail","6":"product_cat-first-aid","7":"product_cat-honingproducten","8":"product_tag-ehbo","9":"product_tag-huidverzorging","10":"product_tag-wondverzorging","11":"pa_inhoud-100-ml","12":"brands-phytotreat","13":"diersoort-overig","14":"diersoort-paarden","15":"thema-huid-en-vacht","16":"thema-wond-ehbo","18":"first","19":"instock","20":"taxable","21":"shipping-taxable","22":"purchasable","23":"product-type-simple"},"acf":[],"uagb_featured_image_src":{"full":["https:\/\/www.phytotreat.com\/wp-content\/uploads\/2024\/01\/Phytotreat-Equidermal-100ml.jpg",1000,1000,false],"thumbnail":["https:\/\/www.phytotreat.com\/wp-content\/uploads\/2024\/01\/Phytotreat-Equidermal-100ml-150x150.jpg",150,150,true],"medium":["https:\/\/www.phytotreat.com\/wp-content\/uploads\/2024\/01\/Phytotreat-Equidermal-100ml-300x300.jpg",300,300,true],"medium_large":["https:\/\/www.phytotreat.com\/wp-content\/uploads\/2024\/01\/Phytotreat-Equidermal-100ml-768x768.jpg",768,768,true],"large":["https:\/\/www.phytotreat.com\/wp-content\/uploads\/2024\/01\/Phytotreat-Equidermal-100ml.jpg",980,980,false],"1536x1536":["https:\/\/www.phytotreat.com\/wp-content\/uploads\/2024\/01\/Phytotreat-Equidermal-100ml.jpg",1000,1000,false],"2048x2048":["https:\/\/www.phytotreat.com\/wp-content\/uploads\/2024\/01\/Phytotreat-Equidermal-100ml.jpg",1000,1000,false],"woocommerce_thumbnail":["https:\/\/www.phytotreat.com\/wp-content\/uploads\/2024\/01\/Phytotreat-Equidermal-100ml-324x324.jpg",324,324,true],"woocommerce_single":["https:\/\/www.phytotreat.com\/wp-content\/uploads\/2024\/01\/Phytotreat-Equidermal-100ml-416x416.jpg",416,416,true],"woocommerce_gallery_thumbnail":["https:\/\/www.phytotreat.com\/wp-content\/uploads\/2024\/01\/Phytotreat-Equidermal-100ml-100x100.jpg",100,100,true]},"uagb_author_info":{"display_name":"treat","author_link":"https:\/\/www.phytotreat.com\/en\/author\/"},"uagb_comment_info":0,"uagb_excerpt":"Equidermal is een huidcr\u00e8me op basis van honing en kruiden die het herstel ondersteunt van de ruwe en gevoelige huid van paardenbenen en andere huidproblemen bij paarden en landbouwhuisdieren. De antioxidantrijke Noord-Amerikaanse boekweithoning en plantenextracten ondersteunen het natuurlijk herstellend vermogen en laten de overlast snel afnemen. Door de hygi\u00ebnische pompflacon laat de Equidermal zich gemakkelijk&hellip;","_links":{"self":[{"href":"https:\/\/www.phytotreat.com\/en\/wp-json\/wp\/v2\/product\/3630","targetHints":{"allow":["GET"]}}],"collection":[{"href":"https:\/\/www.phytotreat.com\/en\/wp-json\/wp\/v2\/product"}],"about":[{"href":"https:\/\/www.phytotreat.com\/en\/wp-json\/wp\/v2\/types\/product"}],"wp:featuredmedia":[{"embeddable":true,"href":"https:\/\/www.phytotreat.com\/en\/wp-json\/wp\/v2\/media\/3747"}],"wp:attachment":[{"href":"https:\/\/www.phytotreat.com\/en\/wp-json\/wp\/v2\/media?parent=3630"}],"wp:term":[{"taxonomy":"product_brand","embeddable":true,"href":"https:\/\/www.phytotreat.com\/en\/wp-json\/wp\/v2\/product_brand?post=3630"},{"taxonomy":"product_cat","embeddable":true,"href":"https:\/\/www.phytotreat.com\/en\/wp-json\/wp\/v2\/product_cat?post=3630"},{"taxonomy":"product_tag","embeddable":true,"href":"https:\/\/www.phytotreat.com\/en\/wp-json\/wp\/v2\/product_tag?post=3630"}],"curies":[{"name":"wp","href":"https:\/\/api.w.org\/{rel}","templated":true}]}}