{"id":3631,"date":"2024-01-23T11:42:12","date_gmt":"2024-01-23T11:42:12","guid":{"rendered":"https:\/\/phytotreat.com\/product\/mellodermal-honingcreme-indoor\/"},"modified":"2025-09-30T14:53:22","modified_gmt":"2025-09-30T14:53:22","slug":"mellodermal-honingcreme-indoor","status":"publish","type":"product","link":"https:\/\/www.phytotreat.com\/en\/product\/mellodermal-honingcreme-indoor\/","title":{"rendered":"Mellodermal Honingcr\u00e8me Indoor"},"content":{"rendered":"<p>Mellodermal is een huidcr\u00e8me op basis van honing en kruiden. Mellodermal bevat 25% Noord-Amerikaanse boekweithoning die rijk is aan antioxidanten en ondersteunt het natuurlijke herstel van de ruwe en schrale huid van uw (huis)dier. De antioxidantrijke honing en ondersteunende plantenextracten in Mellodermal beschermen de huid tegen uitdrogen, brengen de huid tot rust en laten de overlast snel afnemen. Het bevat tevens een bitterkruid dat voorkomt dat de dieren gaan likken aan de behandelde plek. Mellodermal is bovendien niet vet, plakt niet en is gemakkelijk smeerbaar. Het bevat geen vaseline en dekt zodoende de huid niet af. Tevens is de cr\u00e8me vrij van parabenen, geur- en kleurstoffen. Dankzij de hygi\u00ebnische pompflacon laat de Mellodermal zich gemakkelijk aanbrengen en is deze zeer zuinig in het gebruik. De huidcr\u00e8me wordt door dieren goed verdragen.<\/p>\n","protected":false},"excerpt":{"rendered":"<p>Mellodermal is een huidcr\u00e8me op basis van honing en kruiden. Mellodermal bevat 25% Noord-Amerikaanse boekweithoning die rijk is aan antioxidanten en ondersteunt het natuurlijke herstel van de ruwe en schrale huid van uw (huis)dier. De antioxidantrijke honing en ondersteunende plantenextracten in Mellodermal beschermen de huid tegen uitdrogen, brengen de huid tot rust en laten de [&hellip;]<\/p>\n","protected":false},"featured_media":3876,"template":"","meta":{"_acf_changed":false,"_uag_custom_page_level_css":""},"product_brand":[],"product_cat":[121,136],"product_tag":[181,180,174],"class_list":{"0":"post-3631","1":"product","2":"type-product","3":"status-publish","4":"has-post-thumbnail","6":"product_cat-first-aid","7":"product_cat-honingproducten","8":"product_tag-ehbo","9":"product_tag-huidverzorging","10":"product_tag-wondverzorging","11":"pa_inhoud-100-ml","12":"pa_inhoud-15-ml","13":"pa_inhoud-30-ml","14":"brands-phytotreat","15":"diersoort-honden","16":"diersoort-katten","17":"diersoort-konijnen","18":"diersoort-overig","19":"diersoort-paarden","20":"thema-huid-en-vacht","21":"thema-wond-ehbo","23":"first","24":"instock","25":"taxable","26":"shipping-taxable","27":"purchasable","28":"product-type-variable","29":"has-default-attributes"},"acf":[],"uagb_featured_image_src":{"full":["https:\/\/www.phytotreat.com\/wp-content\/uploads\/2024\/01\/Phytotreat-Mellodermal-Indoor-Assorti.jpg",1000,1000,false],"thumbnail":["https:\/\/www.phytotreat.com\/wp-content\/uploads\/2024\/01\/Phytotreat-Mellodermal-Indoor-Assorti-150x150.jpg",150,150,true],"medium":["https:\/\/www.phytotreat.com\/wp-content\/uploads\/2024\/01\/Phytotreat-Mellodermal-Indoor-Assorti-300x300.jpg",300,300,true],"medium_large":["https:\/\/www.phytotreat.com\/wp-content\/uploads\/2024\/01\/Phytotreat-Mellodermal-Indoor-Assorti-768x768.jpg",768,768,true],"large":["https:\/\/www.phytotreat.com\/wp-content\/uploads\/2024\/01\/Phytotreat-Mellodermal-Indoor-Assorti.jpg",980,980,false],"1536x1536":["https:\/\/www.phytotreat.com\/wp-content\/uploads\/2024\/01\/Phytotreat-Mellodermal-Indoor-Assorti.jpg",1000,1000,false],"2048x2048":["https:\/\/www.phytotreat.com\/wp-content\/uploads\/2024\/01\/Phytotreat-Mellodermal-Indoor-Assorti.jpg",1000,1000,false],"woocommerce_thumbnail":["https:\/\/www.phytotreat.com\/wp-content\/uploads\/2024\/01\/Phytotreat-Mellodermal-Indoor-Assorti-324x324.jpg",324,324,true],"woocommerce_single":["https:\/\/www.phytotreat.com\/wp-content\/uploads\/2024\/01\/Phytotreat-Mellodermal-Indoor-Assorti-416x416.jpg",416,416,true],"woocommerce_gallery_thumbnail":["https:\/\/www.phytotreat.com\/wp-content\/uploads\/2024\/01\/Phytotreat-Mellodermal-Indoor-Assorti-100x100.jpg",100,100,true]},"uagb_author_info":{"display_name":"treat","author_link":"https:\/\/www.phytotreat.com\/en\/author\/"},"uagb_comment_info":0,"uagb_excerpt":"Mellodermal is een huidcr\u00e8me op basis van honing en kruiden. Mellodermal bevat 25% Noord-Amerikaanse boekweithoning die rijk is aan antioxidanten en ondersteunt het natuurlijke herstel van de ruwe en schrale huid van uw (huis)dier. De antioxidantrijke honing en ondersteunende plantenextracten in Mellodermal beschermen de huid tegen uitdrogen, brengen de huid tot rust en laten de&hellip;","_links":{"self":[{"href":"https:\/\/www.phytotreat.com\/en\/wp-json\/wp\/v2\/product\/3631","targetHints":{"allow":["GET"]}}],"collection":[{"href":"https:\/\/www.phytotreat.com\/en\/wp-json\/wp\/v2\/product"}],"about":[{"href":"https:\/\/www.phytotreat.com\/en\/wp-json\/wp\/v2\/types\/product"}],"wp:featuredmedia":[{"embeddable":true,"href":"https:\/\/www.phytotreat.com\/en\/wp-json\/wp\/v2\/media\/3876"}],"wp:attachment":[{"href":"https:\/\/www.phytotreat.com\/en\/wp-json\/wp\/v2\/media?parent=3631"}],"wp:term":[{"taxonomy":"product_brand","embeddable":true,"href":"https:\/\/www.phytotreat.com\/en\/wp-json\/wp\/v2\/product_brand?post=3631"},{"taxonomy":"product_cat","embeddable":true,"href":"https:\/\/www.phytotreat.com\/en\/wp-json\/wp\/v2\/product_cat?post=3631"},{"taxonomy":"product_tag","embeddable":true,"href":"https:\/\/www.phytotreat.com\/en\/wp-json\/wp\/v2\/product_tag?post=3631"}],"curies":[{"name":"wp","href":"https:\/\/api.w.org\/{rel}","templated":true}]}}