{"id":3635,"date":"2024-01-23T11:42:12","date_gmt":"2024-01-23T11:42:12","guid":{"rendered":"https:\/\/phytotreat.com\/product\/mellodermal-honingcreme-outdoor\/"},"modified":"2025-06-19T14:11:31","modified_gmt":"2025-06-19T14:11:31","slug":"mellodermal-honingcreme-outdoor","status":"publish","type":"product","link":"https:\/\/www.phytotreat.com\/en\/product\/mellodermal-honingcreme-outdoor\/","title":{"rendered":"Mellodermal Honingcr\u00e8me Outdoor"},"content":{"rendered":"<p>Mellodermal is een huidcr\u00e8me op basis van honing en kruiden. Mellodermal bevat 25% Noord-Amerikaanse boekweithoning die rijk is aan antioxidanten en ondersteunt het natuurlijke herstel van de ruwe en schrale huid van uw (huis)dier. De Outdoor variant bevat een hogere concentratie Eugenol uit kruidnagelolie dan de Indoor variant, waardoor de honingcr\u00e8me een extra kalmerende werking heeft op de gevoelige huid en tevens ongewenste elementen afgeschrikt. De antioxidantrijke honing en ondersteunende plantenextracten in Mellodermal beschermen de huid tegen uitdrogen, brengen de huid tot rust en laten de overlast snel afnemen. Het bevat tevens een bitterkruid dat voorkomt dat de dieren gaan likken aan de behandelde plek. Mellodermal is bovendien niet vet, plakt niet en is gemakkelijk smeerbaar. Het bevat geen vaseline en dekt zodoende de huid niet af. Tevens is de cr\u00e8me vrij van parabenen, geur- en kleurstoffen. Dankzij de hygi\u00ebnische pompflacon laat de Mellodermal zich gemakkelijk aanbrengen en is deze zeer zuinig in het gebruik. De huidcr\u00e8me wordt door dieren goed verdragen.<\/p>\n","protected":false},"excerpt":{"rendered":"<p>Mellodermal is een huidcr\u00e8me op basis van honing en kruiden. Mellodermal bevat 25% Noord-Amerikaanse boekweithoning die rijk is aan antioxidanten en ondersteunt het natuurlijke herstel van de ruwe en schrale huid van uw (huis)dier. De Outdoor variant bevat een hogere concentratie Eugenol uit kruidnagelolie dan de Indoor variant, waardoor de honingcr\u00e8me een extra kalmerende werking [&hellip;]<\/p>\n","protected":false},"featured_media":3745,"template":"","meta":{"_acf_changed":false,"_uag_custom_page_level_css":""},"product_brand":[],"product_cat":[121,136],"product_tag":[181,180,174],"class_list":{"0":"post-3635","1":"product","2":"type-product","3":"status-publish","4":"has-post-thumbnail","6":"product_cat-first-aid","7":"product_cat-honingproducten","8":"product_tag-ehbo","9":"product_tag-huidverzorging","10":"product_tag-wondverzorging","11":"pa_inhoud-30-ml","12":"brands-phytotreat","13":"diersoort-honden","14":"diersoort-katten","15":"diersoort-konijnen","16":"diersoort-overig","17":"diersoort-paarden","18":"thema-huid-en-vacht","19":"thema-wond-ehbo","21":"first","22":"instock","23":"taxable","24":"shipping-taxable","25":"purchasable","26":"product-type-simple"},"acf":[],"uagb_featured_image_src":{"full":["https:\/\/www.phytotreat.com\/wp-content\/uploads\/2024\/01\/Phytotreat-Mellodermal-Outdoor-30ml.jpg",1000,1000,false],"thumbnail":["https:\/\/www.phytotreat.com\/wp-content\/uploads\/2024\/01\/Phytotreat-Mellodermal-Outdoor-30ml-150x150.jpg",150,150,true],"medium":["https:\/\/www.phytotreat.com\/wp-content\/uploads\/2024\/01\/Phytotreat-Mellodermal-Outdoor-30ml-300x300.jpg",300,300,true],"medium_large":["https:\/\/www.phytotreat.com\/wp-content\/uploads\/2024\/01\/Phytotreat-Mellodermal-Outdoor-30ml-768x768.jpg",768,768,true],"large":["https:\/\/www.phytotreat.com\/wp-content\/uploads\/2024\/01\/Phytotreat-Mellodermal-Outdoor-30ml.jpg",980,980,false],"1536x1536":["https:\/\/www.phytotreat.com\/wp-content\/uploads\/2024\/01\/Phytotreat-Mellodermal-Outdoor-30ml.jpg",1000,1000,false],"2048x2048":["https:\/\/www.phytotreat.com\/wp-content\/uploads\/2024\/01\/Phytotreat-Mellodermal-Outdoor-30ml.jpg",1000,1000,false],"woocommerce_thumbnail":["https:\/\/www.phytotreat.com\/wp-content\/uploads\/2024\/01\/Phytotreat-Mellodermal-Outdoor-30ml-324x324.jpg",324,324,true],"woocommerce_single":["https:\/\/www.phytotreat.com\/wp-content\/uploads\/2024\/01\/Phytotreat-Mellodermal-Outdoor-30ml-416x416.jpg",416,416,true],"woocommerce_gallery_thumbnail":["https:\/\/www.phytotreat.com\/wp-content\/uploads\/2024\/01\/Phytotreat-Mellodermal-Outdoor-30ml-100x100.jpg",100,100,true]},"uagb_author_info":{"display_name":"treat","author_link":"https:\/\/www.phytotreat.com\/en\/author\/"},"uagb_comment_info":0,"uagb_excerpt":"Mellodermal is een huidcr\u00e8me op basis van honing en kruiden. Mellodermal bevat 25% Noord-Amerikaanse boekweithoning die rijk is aan antioxidanten en ondersteunt het natuurlijke herstel van de ruwe en schrale huid van uw (huis)dier. De Outdoor variant bevat een hogere concentratie Eugenol uit kruidnagelolie dan de Indoor variant, waardoor de honingcr\u00e8me een extra kalmerende werking&hellip;","_links":{"self":[{"href":"https:\/\/www.phytotreat.com\/en\/wp-json\/wp\/v2\/product\/3635","targetHints":{"allow":["GET"]}}],"collection":[{"href":"https:\/\/www.phytotreat.com\/en\/wp-json\/wp\/v2\/product"}],"about":[{"href":"https:\/\/www.phytotreat.com\/en\/wp-json\/wp\/v2\/types\/product"}],"wp:featuredmedia":[{"embeddable":true,"href":"https:\/\/www.phytotreat.com\/en\/wp-json\/wp\/v2\/media\/3745"}],"wp:attachment":[{"href":"https:\/\/www.phytotreat.com\/en\/wp-json\/wp\/v2\/media?parent=3635"}],"wp:term":[{"taxonomy":"product_brand","embeddable":true,"href":"https:\/\/www.phytotreat.com\/en\/wp-json\/wp\/v2\/product_brand?post=3635"},{"taxonomy":"product_cat","embeddable":true,"href":"https:\/\/www.phytotreat.com\/en\/wp-json\/wp\/v2\/product_cat?post=3635"},{"taxonomy":"product_tag","embeddable":true,"href":"https:\/\/www.phytotreat.com\/en\/wp-json\/wp\/v2\/product_tag?post=3635"}],"curies":[{"name":"wp","href":"https:\/\/api.w.org\/{rel}","templated":true}]}}