{"id":5051,"date":"2025-06-05T11:23:33","date_gmt":"2025-06-05T11:23:33","guid":{"rendered":"https:\/\/www.phytotreat.com\/?post_type=product&#038;p=5051"},"modified":"2025-09-04T11:56:12","modified_gmt":"2025-09-04T11:56:12","slug":"activon-tulle-5-x-5-cm-met-100-manuka-doos-5-stuks","status":"publish","type":"product","link":"https:\/\/www.phytotreat.com\/en\/product\/activon-tulle-5-x-5-cm-met-100-manuka-doos-5-stuks\/","title":{"rendered":"Activon Tulle 5 x 5 cm met 100% Manuka doos 5 stuks"},"content":{"rendered":"<p>Activon Manuka Honing gaasverband is een drielaags viscose gaasverband ge\u00efmpregneerd met 100% Manuka honing. Het cre\u00ebert een vochtig wondmilieu en elimineert geurvorming van de wond. Daarnaast heeft het een antibacteri\u00eble werking. Het gaasverband is de ideale keuze voor granulerende en oppervlakkige wonden.<\/p>\n<p><strong>*Activon is geregistreerd als medisch hulpmiddel<\/strong><\/p>\n","protected":false},"excerpt":{"rendered":"<p>Activon Manuka Honing gaasverband is een drielaags viscose gaasverband ge\u00efmpregneerd met 100% Manuka honing. Het cre\u00ebert een vochtig wondmilieu en elimineert geurvorming van de wond. Daarnaast heeft het een antibacteri\u00eble werking. Het gaasverband is de ideale keuze voor granulerende en oppervlakkige wonden. *Activon is geregistreerd als medisch hulpmiddel<\/p>\n","protected":false},"featured_media":5052,"template":"","meta":{"_acf_changed":false,"_uag_custom_page_level_css":""},"product_brand":[],"product_cat":[121,136],"product_tag":[181,180,174],"class_list":{"0":"post-5051","1":"product","2":"type-product","3":"status-publish","4":"has-post-thumbnail","6":"product_cat-first-aid","7":"product_cat-honingproducten","8":"product_tag-ehbo","9":"product_tag-huidverzorging","10":"product_tag-wondverzorging","11":"pa_inhoud-25-g","12":"brands-advancis","14":"first","15":"instock","16":"taxable","17":"shipping-taxable","18":"purchasable","19":"product-type-simple"},"acf":[],"uagb_featured_image_src":{"full":["https:\/\/www.phytotreat.com\/wp-content\/uploads\/2025\/06\/activon-tulle-3.jpg",685,614,false],"thumbnail":["https:\/\/www.phytotreat.com\/wp-content\/uploads\/2025\/06\/activon-tulle-3-150x150.jpg",150,150,true],"medium":["https:\/\/www.phytotreat.com\/wp-content\/uploads\/2025\/06\/activon-tulle-3-300x269.jpg",300,269,true],"medium_large":["https:\/\/www.phytotreat.com\/wp-content\/uploads\/2025\/06\/activon-tulle-3.jpg",685,614,false],"large":["https:\/\/www.phytotreat.com\/wp-content\/uploads\/2025\/06\/activon-tulle-3.jpg",685,614,false],"1536x1536":["https:\/\/www.phytotreat.com\/wp-content\/uploads\/2025\/06\/activon-tulle-3.jpg",685,614,false],"2048x2048":["https:\/\/www.phytotreat.com\/wp-content\/uploads\/2025\/06\/activon-tulle-3.jpg",685,614,false],"woocommerce_thumbnail":["https:\/\/www.phytotreat.com\/wp-content\/uploads\/2025\/06\/activon-tulle-3-324x290.jpg",324,290,true],"woocommerce_single":["https:\/\/www.phytotreat.com\/wp-content\/uploads\/2025\/06\/activon-tulle-3-416x373.jpg",416,373,true],"woocommerce_gallery_thumbnail":["https:\/\/www.phytotreat.com\/wp-content\/uploads\/2025\/06\/activon-tulle-3-100x100.jpg",100,100,true]},"uagb_author_info":{"display_name":"Esther Pellemans","author_link":"https:\/\/www.phytotreat.com\/en\/author\/"},"uagb_comment_info":0,"uagb_excerpt":"Activon Manuka Honing gaasverband is een drielaags viscose gaasverband ge\u00efmpregneerd met 100% Manuka honing. Het cre\u00ebert een vochtig wondmilieu en elimineert geurvorming van de wond. Daarnaast heeft het een antibacteri\u00eble werking. Het gaasverband is de ideale keuze voor granulerende en oppervlakkige wonden. *Activon is geregistreerd als medisch hulpmiddel","_links":{"self":[{"href":"https:\/\/www.phytotreat.com\/en\/wp-json\/wp\/v2\/product\/5051","targetHints":{"allow":["GET"]}}],"collection":[{"href":"https:\/\/www.phytotreat.com\/en\/wp-json\/wp\/v2\/product"}],"about":[{"href":"https:\/\/www.phytotreat.com\/en\/wp-json\/wp\/v2\/types\/product"}],"wp:featuredmedia":[{"embeddable":true,"href":"https:\/\/www.phytotreat.com\/en\/wp-json\/wp\/v2\/media\/5052"}],"wp:attachment":[{"href":"https:\/\/www.phytotreat.com\/en\/wp-json\/wp\/v2\/media?parent=5051"}],"wp:term":[{"taxonomy":"product_brand","embeddable":true,"href":"https:\/\/www.phytotreat.com\/en\/wp-json\/wp\/v2\/product_brand?post=5051"},{"taxonomy":"product_cat","embeddable":true,"href":"https:\/\/www.phytotreat.com\/en\/wp-json\/wp\/v2\/product_cat?post=5051"},{"taxonomy":"product_tag","embeddable":true,"href":"https:\/\/www.phytotreat.com\/en\/wp-json\/wp\/v2\/product_tag?post=5051"}],"curies":[{"name":"wp","href":"https:\/\/api.w.org\/{rel}","templated":true}]}}